{"id":5184,"date":"2024-03-15T09:09:24","date_gmt":"2024-03-15T09:09:24","guid":{"rendered":"https:\/\/hiyllas.fi\/?page_id=5184"},"modified":"2024-03-27T19:29:16","modified_gmt":"2024-03-27T19:29:16","slug":"tietosuojaseloste-gdpr","status":"publish","type":"page","link":"https:\/\/hiyllas.fi\/fi\/privacy-policy-gdpr\/","title":{"rendered":"Tietosuojak\u00e4yt\u00e4nt\u00f6 (GDPR)"},"content":{"rendered":"\t\t<div data-elementor-type=\"wp-page\" data-elementor-id=\"5184\" class=\"elementor elementor-5184\" data-elementor-post-type=\"page\">\n\t\t\t\t<div data-particle_enable=\"false\" data-particle-mobile-disabled=\"false\" class=\"elementor-element elementor-element-2958b60 e-con-full e-flex e-con e-parent\" data-id=\"2958b60\" data-element_type=\"container\" data-e-type=\"container\">\n\t\t<div data-particle_enable=\"false\" data-particle-mobile-disabled=\"false\" class=\"elementor-element elementor-element-5504445 e-con-full e-flex e-con e-child\" data-id=\"5504445\" data-element_type=\"container\" data-e-type=\"container\" data-settings=\"{&quot;background_background&quot;:&quot;classic&quot;,&quot;background_motion_fx_motion_fx_scrolling&quot;:&quot;yes&quot;,&quot;background_motion_fx_translateY_effect&quot;:&quot;yes&quot;,&quot;background_motion_fx_translateY_speed&quot;:{&quot;unit&quot;:&quot;px&quot;,&quot;size&quot;:4,&quot;sizes&quot;:[]},&quot;background_motion_fx_translateY_affectedRange&quot;:{&quot;unit&quot;:&quot;%&quot;,&quot;size&quot;:&quot;&quot;,&quot;sizes&quot;:{&quot;start&quot;:0,&quot;end&quot;:100}},&quot;background_motion_fx_devices&quot;:[&quot;desktop&quot;,&quot;laptop&quot;,&quot;tablet&quot;,&quot;mobile&quot;]}\">\n\t\t\t\t<\/div>\n\t\t\t\t<\/div>\n\t\t<div data-particle_enable=\"false\" data-particle-mobile-disabled=\"false\" class=\"elementor-element elementor-element-b321c95 e-flex e-con-boxed e-con e-parent\" data-id=\"b321c95\" data-element_type=\"container\" data-e-type=\"container\" data-settings=\"{&quot;background_background&quot;:&quot;classic&quot;}\">\n\t\t\t\t\t<div class=\"e-con-inner\">\n\t\t<div data-particle_enable=\"false\" data-particle-mobile-disabled=\"false\" class=\"elementor-element elementor-element-0647edd e-con-full e-flex e-con e-child\" data-id=\"0647edd\" data-element_type=\"container\" data-e-type=\"container\">\n\t\t\t\t<div class=\"elementor-element elementor-element-024190b elementor-invisible elementor-widget elementor-widget-heading\" data-id=\"024190b\" data-element_type=\"widget\" data-e-type=\"widget\" data-settings=\"{&quot;_animation&quot;:&quot;fadeInDown&quot;}\" data-widget_type=\"heading.default\">\n\t\t\t\t<div class=\"elementor-widget-container\">\n\t\t\t\t\t<h2 class=\"elementor-heading-title elementor-size-default\">Rekisteri- ja tietosuojaseloste<\/h2>\t\t\t\t<\/div>\n\t\t\t\t<\/div>\n\t\t\t\t<div class=\"elementor-element elementor-element-15a2c2b elementor-widget elementor-widget-text-editor\" data-id=\"15a2c2b\" data-element_type=\"widget\" data-e-type=\"widget\" data-widget_type=\"text-editor.default\">\n\t\t\t\t<div class=\"elementor-widget-container\">\n\t\t\t\t\t\t\t\t\t<div data-id=\"af60be1\" data-element_type=\"widget\" data-widget_type=\"heading.default\"><div><div data-id=\"896c0e9\" data-element_type=\"widget\" data-widget_type=\"text-editor.default\"><div><p>T\u00e4m\u00e4 on Hi Yll\u00e4ksen EU:n yleisen tietosuoja-asetuksen (GDPR) mukainen rekisteri- ja tietosuojaseloste. Laadittu 15.3.2024.<\/p><\/div><\/div><div data-id=\"f8c341b\" data-element_type=\"widget\" data-widget_type=\"heading.default\"><div>\u00a0<\/div><\/div><\/div><\/div>\t\t\t\t\t\t\t\t<\/div>\n\t\t\t\t<\/div>\n\t\t\t\t<div class=\"elementor-element elementor-element-aee5eae elementor-invisible elementor-widget elementor-widget-heading\" data-id=\"aee5eae\" data-element_type=\"widget\" data-e-type=\"widget\" data-settings=\"{&quot;_animation&quot;:&quot;fadeInDown&quot;}\" data-widget_type=\"heading.default\">\n\t\t\t\t<div class=\"elementor-widget-container\">\n\t\t\t\t\t<h2 class=\"elementor-heading-title elementor-size-default\">Rekisterinpit\u00e4j\u00e4<\/h2>\t\t\t\t<\/div>\n\t\t\t\t<\/div>\n\t\t\t\t<div class=\"elementor-element elementor-element-fd965ac elementor-widget elementor-widget-text-editor\" data-id=\"fd965ac\" data-element_type=\"widget\" data-e-type=\"widget\" data-widget_type=\"text-editor.default\">\n\t\t\t\t<div class=\"elementor-widget-container\">\n\t\t\t\t\t\t\t\t\t<div data-id=\"af60be1\" data-element_type=\"widget\" data-widget_type=\"heading.default\"><div><div data-id=\"896c0e9\" data-element_type=\"widget\" data-widget_type=\"text-editor.default\"><div><p>Hi Yll\u00e4s Oy<br \/><span class=\"CopyButton__Value\" data-reactid=\"39\">3412068-4<\/span><br \/><span class=\"listing-postal-address\">Valtatie 36<\/span><br \/><span class=\"listing-postal-address\">99100 <\/span>Kittil\u00e4<br \/>yllas@hiyllas.fi<\/p><\/div><\/div><\/div><\/div>\t\t\t\t\t\t\t\t<\/div>\n\t\t\t\t<\/div>\n\t\t\t\t<div class=\"elementor-element elementor-element-d71582e elementor-invisible elementor-widget elementor-widget-heading\" data-id=\"d71582e\" data-element_type=\"widget\" data-e-type=\"widget\" data-settings=\"{&quot;_animation&quot;:&quot;fadeInDown&quot;}\" data-widget_type=\"heading.default\">\n\t\t\t\t<div class=\"elementor-widget-container\">\n\t\t\t\t\t<h2 class=\"elementor-heading-title elementor-size-default\">Tietosuojaan liittyv\u00e4t pyynn\u00f6t<\/h2>\t\t\t\t<\/div>\n\t\t\t\t<\/div>\n\t\t\t\t<div class=\"elementor-element elementor-element-3a17e31 elementor-widget elementor-widget-text-editor\" data-id=\"3a17e31\" data-element_type=\"widget\" data-e-type=\"widget\" data-widget_type=\"text-editor.default\">\n\t\t\t\t<div class=\"elementor-widget-container\">\n\t\t\t\t\t\t\t\t\t<div data-id=\"af60be1\" data-element_type=\"widget\" data-widget_type=\"heading.default\"><div><div data-id=\"896c0e9\" data-element_type=\"widget\" data-widget_type=\"text-editor.default\"><div><p>Tietosuojapyynn\u00f6ist\u00e4 vastaa Hi Yll\u00e4s.<\/p><\/div><\/div><\/div><\/div>\t\t\t\t\t\t\t\t<\/div>\n\t\t\t\t<\/div>\n\t\t\t\t<div class=\"elementor-element elementor-element-de8d310 elementor-invisible elementor-widget elementor-widget-heading\" data-id=\"de8d310\" data-element_type=\"widget\" data-e-type=\"widget\" data-settings=\"{&quot;_animation&quot;:&quot;fadeInDown&quot;}\" data-widget_type=\"heading.default\">\n\t\t\t\t<div class=\"elementor-widget-container\">\n\t\t\t\t\t<h2 class=\"elementor-heading-title elementor-size-default\">Rekisterin nimi<\/h2>\t\t\t\t<\/div>\n\t\t\t\t<\/div>\n\t\t\t\t<div class=\"elementor-element elementor-element-52dc978 elementor-widget elementor-widget-text-editor\" data-id=\"52dc978\" data-element_type=\"widget\" data-e-type=\"widget\" data-widget_type=\"text-editor.default\">\n\t\t\t\t<div class=\"elementor-widget-container\">\n\t\t\t\t\t\t\t\t\t<div data-id=\"af60be1\" data-element_type=\"widget\" data-widget_type=\"heading.default\"><div><div data-id=\"896c0e9\" data-element_type=\"widget\" data-widget_type=\"text-editor.default\"><div><p>Hi Yll\u00e4s verkkopalvelun k\u00e4ytt\u00e4j\u00e4rekisteri.<\/p><\/div><\/div><\/div><\/div>\t\t\t\t\t\t\t\t<\/div>\n\t\t\t\t<\/div>\n\t\t\t\t<div class=\"elementor-element elementor-element-f2258a6 elementor-invisible elementor-widget elementor-widget-heading\" data-id=\"f2258a6\" data-element_type=\"widget\" data-e-type=\"widget\" data-settings=\"{&quot;_animation&quot;:&quot;fadeInDown&quot;}\" data-widget_type=\"heading.default\">\n\t\t\t\t<div class=\"elementor-widget-container\">\n\t\t\t\t\t<h2 class=\"elementor-heading-title elementor-size-default\">Henkil\u00f6tietojen k\u00e4sittelyn tarkoitus<\/h2>\t\t\t\t<\/div>\n\t\t\t\t<\/div>\n\t\t\t\t<div class=\"elementor-element elementor-element-5a81868 elementor-widget elementor-widget-text-editor\" data-id=\"5a81868\" data-element_type=\"widget\" data-e-type=\"widget\" data-widget_type=\"text-editor.default\">\n\t\t\t\t<div class=\"elementor-widget-container\">\n\t\t\t\t\t\t\t\t\t<div data-id=\"af60be1\" data-element_type=\"widget\" data-widget_type=\"heading.default\"><div><div data-id=\"896c0e9\" data-element_type=\"widget\" data-widget_type=\"text-editor.default\"><div><p>Henkil\u00f6tietojen k\u00e4sittelyn tarkoitus on yhteydenpito asiakkaisiin, asiakassuhteen yll\u00e4pito ja markkinointi. Lis\u00e4ksi ker\u00e4ttyj\u00e4 tietoja voidaan k\u00e4ytt\u00e4\u00e4 verkkopalvelun kehitt\u00e4miseen. Tietoja ei k\u00e4ytet\u00e4 automatisoituun p\u00e4\u00e4t\u00f6ksentekoon tai profilointiin.<\/p><\/div><\/div><\/div><\/div>\t\t\t\t\t\t\t\t<\/div>\n\t\t\t\t<\/div>\n\t\t\t\t<div class=\"elementor-element elementor-element-c029e0f elementor-invisible elementor-widget elementor-widget-heading\" data-id=\"c029e0f\" data-element_type=\"widget\" data-e-type=\"widget\" data-settings=\"{&quot;_animation&quot;:&quot;fadeInDown&quot;}\" data-widget_type=\"heading.default\">\n\t\t\t\t<div class=\"elementor-widget-container\">\n\t\t\t\t\t<h2 class=\"elementor-heading-title elementor-size-default\">Rekisterin sis\u00e4lt\u00f6<\/h2>\t\t\t\t<\/div>\n\t\t\t\t<\/div>\n\t\t\t\t<div class=\"elementor-element elementor-element-a16d226 elementor-widget elementor-widget-text-editor\" data-id=\"a16d226\" data-element_type=\"widget\" data-e-type=\"widget\" data-widget_type=\"text-editor.default\">\n\t\t\t\t<div class=\"elementor-widget-container\">\n\t\t\t\t\t\t\t\t\t<div data-id=\"af60be1\" data-element_type=\"widget\" data-widget_type=\"heading.default\"><div><div data-id=\"896c0e9\" data-element_type=\"widget\" data-widget_type=\"text-editor.default\"><div><p>Rekisteriin tallennettavia tietoja ovat: Henkil\u00f6n nimi, yrityksen nimi, yhteystiedot (puhelinnumero, s\u00e4hk\u00f6postiosoite, osoite), verkkosivustojen osoitteet, tiedot tilatuista palveluista ja niiden muutoksista, laskutustiedot, muut asiakassuhteeseen ja tilattuihin palveluihin liittyv\u00e4t tiedot.<\/p><p>Tiedot s\u00e4ilytet\u00e4\u00e4n toistaiseksi.<\/p><\/div><\/div><\/div><\/div>\t\t\t\t\t\t\t\t<\/div>\n\t\t\t\t<\/div>\n\t\t\t\t<div class=\"elementor-element elementor-element-64e2119 elementor-invisible elementor-widget elementor-widget-heading\" data-id=\"64e2119\" data-element_type=\"widget\" data-e-type=\"widget\" data-settings=\"{&quot;_animation&quot;:&quot;fadeInDown&quot;}\" data-widget_type=\"heading.default\">\n\t\t\t\t<div class=\"elementor-widget-container\">\n\t\t\t\t\t<h2 class=\"elementor-heading-title elementor-size-default\">S\u00e4\u00e4nn\u00f6nmukaiset tietol\u00e4hteet<\/h2>\t\t\t\t<\/div>\n\t\t\t\t<\/div>\n\t\t\t\t<div class=\"elementor-element elementor-element-899e538 elementor-widget elementor-widget-text-editor\" data-id=\"899e538\" data-element_type=\"widget\" data-e-type=\"widget\" data-widget_type=\"text-editor.default\">\n\t\t\t\t<div class=\"elementor-widget-container\">\n\t\t\t\t\t\t\t\t\t<div data-id=\"af60be1\" data-element_type=\"widget\" data-widget_type=\"heading.default\"><div><div data-id=\"896c0e9\" data-element_type=\"widget\" data-widget_type=\"text-editor.default\"><div><p>Rekisteriin tallennettavat tiedot saadaan asiakkaalta s\u00e4hk\u00f6postitse, puhelimitse, sosiaalisen median palvelujen kautta, sopimuksista, asiakastapaamisista ja muista tilanteista, joissa asiakas luovuttaa tietojaan.<\/p><p>Yritysten ja muiden organisaatioiden yhteyshenkil\u00f6iden tietoja voidaan ker\u00e4t\u00e4 my\u00f6s julkisista l\u00e4hteist\u00e4 kuten verkkosivuilta, hakemistopalveluista ja muilta yrityksilt\u00e4.<\/p><\/div><\/div><\/div><\/div>\t\t\t\t\t\t\t\t<\/div>\n\t\t\t\t<\/div>\n\t\t\t\t<div class=\"elementor-element elementor-element-59bea9e elementor-invisible elementor-widget elementor-widget-heading\" data-id=\"59bea9e\" data-element_type=\"widget\" data-e-type=\"widget\" data-settings=\"{&quot;_animation&quot;:&quot;fadeInDown&quot;}\" data-widget_type=\"heading.default\">\n\t\t\t\t<div class=\"elementor-widget-container\">\n\t\t\t\t\t<h2 class=\"elementor-heading-title elementor-size-default\">Tietojen siirto EU:n tai ETA:n ulkopuolelle<\/h2>\t\t\t\t<\/div>\n\t\t\t\t<\/div>\n\t\t\t\t<div class=\"elementor-element elementor-element-9d7f07b elementor-widget elementor-widget-text-editor\" data-id=\"9d7f07b\" data-element_type=\"widget\" data-e-type=\"widget\" data-widget_type=\"text-editor.default\">\n\t\t\t\t<div class=\"elementor-widget-container\">\n\t\t\t\t\t\t\t\t\t<div data-id=\"af60be1\" data-element_type=\"widget\" data-widget_type=\"heading.default\"><div><div data-id=\"896c0e9\" data-element_type=\"widget\" data-widget_type=\"text-editor.default\"><div><p>Tietoja ei luovuteta s\u00e4\u00e4nn\u00f6nmukaisesti muille tahoille. Tietoja voidaan julkaista silt\u00e4 osin kuin niin on sovittu asiakkaan kanssa. Tietoja voidaan siirt\u00e4\u00e4 rekisterinpit\u00e4j\u00e4n toimesta my\u00f6s EU:n tai ETA:n ulkopuolelle.<\/p><\/div><\/div><\/div><\/div>\t\t\t\t\t\t\t\t<\/div>\n\t\t\t\t<\/div>\n\t\t\t\t<div class=\"elementor-element elementor-element-3b0adbc elementor-invisible elementor-widget elementor-widget-heading\" data-id=\"3b0adbc\" data-element_type=\"widget\" data-e-type=\"widget\" data-settings=\"{&quot;_animation&quot;:&quot;fadeInDown&quot;}\" data-widget_type=\"heading.default\">\n\t\t\t\t<div class=\"elementor-widget-container\">\n\t\t\t\t\t<h2 class=\"elementor-heading-title elementor-size-default\">Rekisterin suojauksen periaatteet<\/h2>\t\t\t\t<\/div>\n\t\t\t\t<\/div>\n\t\t\t\t<div class=\"elementor-element elementor-element-bb5856a elementor-widget elementor-widget-text-editor\" data-id=\"bb5856a\" data-element_type=\"widget\" data-e-type=\"widget\" data-widget_type=\"text-editor.default\">\n\t\t\t\t<div class=\"elementor-widget-container\">\n\t\t\t\t\t\t\t\t\t<div data-id=\"af60be1\" data-element_type=\"widget\" data-widget_type=\"heading.default\"><div><div data-id=\"896c0e9\" data-element_type=\"widget\" data-widget_type=\"text-editor.default\"><div><p>Rekisterinpit\u00e4j\u00e4 huolehtii siit\u00e4, ett\u00e4 tallennettuja tietoja sek\u00e4 palvelimien k\u00e4ytt\u00f6oikeuksia ja muita henkil\u00f6tietojen turvallisuuden kannalta kriittisi\u00e4 tietoja k\u00e4sitell\u00e4\u00e4n luottamuksellisesti ja vain niiden ty\u00f6ntekij\u00f6iden toimesta, joiden ty\u00f6nkuvaan se kuuluu.<\/p><\/div><\/div><\/div><\/div>\t\t\t\t\t\t\t\t<\/div>\n\t\t\t\t<\/div>\n\t\t\t\t<div class=\"elementor-element elementor-element-a4e7880 elementor-invisible elementor-widget elementor-widget-heading\" data-id=\"a4e7880\" data-element_type=\"widget\" data-e-type=\"widget\" data-settings=\"{&quot;_animation&quot;:&quot;fadeInDown&quot;}\" data-widget_type=\"heading.default\">\n\t\t\t\t<div class=\"elementor-widget-container\">\n\t\t\t\t\t<h2 class=\"elementor-heading-title elementor-size-default\">Riskit<\/h2>\t\t\t\t<\/div>\n\t\t\t\t<\/div>\n\t\t\t\t<div class=\"elementor-element elementor-element-9b6e48f elementor-widget elementor-widget-text-editor\" data-id=\"9b6e48f\" data-element_type=\"widget\" data-e-type=\"widget\" data-widget_type=\"text-editor.default\">\n\t\t\t\t<div class=\"elementor-widget-container\">\n\t\t\t\t\t\t\t\t\t<div data-id=\"af60be1\" data-element_type=\"widget\" data-widget_type=\"heading.default\"><div><div data-id=\"896c0e9\" data-element_type=\"widget\" data-widget_type=\"text-editor.default\"><div><p>Henkil\u00f6tietoihin liittyvi\u00e4 riskej\u00e4 on mm. tietovuodot. Rekisteriin tallennettuja henkil\u00f6tietoja suojataan asiattomalta p\u00e4\u00e4sylt\u00e4 tietoihin ja vahingossa tai laittomasti tapahtuvalta tietojen h\u00e4vitt\u00e4miselt\u00e4, muuttamiselta, luovuttamiselta, siirt\u00e4miselt\u00e4 taikka muulta laittomalta k\u00e4sittelylt\u00e4.<\/p><\/div><\/div><\/div><\/div>\t\t\t\t\t\t\t\t<\/div>\n\t\t\t\t<\/div>\n\t\t\t\t<div class=\"elementor-element elementor-element-fc2caeb elementor-invisible elementor-widget elementor-widget-heading\" data-id=\"fc2caeb\" data-element_type=\"widget\" data-e-type=\"widget\" data-settings=\"{&quot;_animation&quot;:&quot;fadeInDown&quot;}\" data-widget_type=\"heading.default\">\n\t\t\t\t<div class=\"elementor-widget-container\">\n\t\t\t\t\t<h2 class=\"elementor-heading-title elementor-size-default\">Tarkastusoikeus ja henkil\u00f6tietojen k\u00e4sittelyyn liittyv\u00e4t oikeudet<\/h2>\t\t\t\t<\/div>\n\t\t\t\t<\/div>\n\t\t\t\t<div class=\"elementor-element elementor-element-dc14b84 elementor-widget elementor-widget-text-editor\" data-id=\"dc14b84\" data-element_type=\"widget\" data-e-type=\"widget\" data-widget_type=\"text-editor.default\">\n\t\t\t\t<div class=\"elementor-widget-container\">\n\t\t\t\t\t\t\t\t\t<div data-id=\"af60be1\" data-element_type=\"widget\" data-widget_type=\"heading.default\"><div><div data-id=\"896c0e9\" data-element_type=\"widget\" data-widget_type=\"text-editor.default\"><div><p>Jokaisella rekisteriss\u00e4 olevalla henkil\u00f6ll\u00e4 on oikeus tarkastaa rekisteriin tallennetut tietonsa ja vaatia mahdollisen virheellisen tiedon korjaamista tai puutteellisen tiedon t\u00e4ydent\u00e4mist\u00e4.<\/p><p>Mik\u00e4li henkil\u00f6 haluaa tarkistaa h\u00e4nest\u00e4 tallennetut tiedot, vaatia oikaisua tai pyyt\u00e4\u00e4 h\u00e4nt\u00e4 koskevien henkil\u00f6tietojen poistamisen, pyynt\u00f6 tulee l\u00e4hett\u00e4\u00e4 kirjallisesti rekisterinpit\u00e4j\u00e4lle. Rekisterinpit\u00e4j\u00e4 voi pyyt\u00e4\u00e4 tarvittaessa pyynn\u00f6n esitt\u00e4j\u00e4\u00e4 todistamaan henkil\u00f6llisyytens\u00e4. Rekisterinpit\u00e4j\u00e4 vastaa asiakkaalle EU:n tietosuoja-asetuksessa s\u00e4\u00e4detyss\u00e4 ajassa (p\u00e4\u00e4s\u00e4\u00e4nt\u00f6isesti kuukauden kuluessa).<\/p><\/div><\/div><\/div><\/div>\t\t\t\t\t\t\t\t<\/div>\n\t\t\t\t<\/div>\n\t\t\t\t<div class=\"elementor-element elementor-element-c012b1d elementor-invisible elementor-widget elementor-widget-heading\" data-id=\"c012b1d\" data-element_type=\"widget\" data-e-type=\"widget\" data-settings=\"{&quot;_animation&quot;:&quot;fadeInDown&quot;}\" data-widget_type=\"heading.default\">\n\t\t\t\t<div class=\"elementor-widget-container\">\n\t\t\t\t\t<h2 class=\"elementor-heading-title elementor-size-default\">Ev\u00e4steet ja k\u00e4vij\u00e4seuranta<\/h2>\t\t\t\t<\/div>\n\t\t\t\t<\/div>\n\t\t\t\t<div class=\"elementor-element elementor-element-c155c29 elementor-widget elementor-widget-text-editor\" data-id=\"c155c29\" data-element_type=\"widget\" data-e-type=\"widget\" data-widget_type=\"text-editor.default\">\n\t\t\t\t<div class=\"elementor-widget-container\">\n\t\t\t\t\t\t\t\t\t<div data-id=\"af60be1\" data-element_type=\"widget\" data-widget_type=\"heading.default\"><div><div data-id=\"896c0e9\" data-element_type=\"widget\" data-widget_type=\"text-editor.default\"><div><p>Verkkosivuston k\u00e4vij\u00e4tietoja ja -tilastoja tallennetaan Google Analytics -verkkoanalytiikkapalvelun kautta Googlen palvelimille, jotka voivat sijaita my\u00f6s ETA alueen ulkopuolella (Privacy Shield maissa).<\/p><\/div><\/div><\/div><\/div>\t\t\t\t\t\t\t\t<\/div>\n\t\t\t\t<\/div>\n\t\t\t\t<div class=\"elementor-element elementor-element-92ce3ba elementor-invisible elementor-widget elementor-widget-heading\" data-id=\"92ce3ba\" data-element_type=\"widget\" data-e-type=\"widget\" data-settings=\"{&quot;_animation&quot;:&quot;fadeInDown&quot;}\" data-widget_type=\"heading.default\">\n\t\t\t\t<div class=\"elementor-widget-container\">\n\t\t\t\t\t<h2 class=\"elementor-heading-title elementor-size-default\">Mit\u00e4 ev\u00e4steet ovat?<\/h2>\t\t\t\t<\/div>\n\t\t\t\t<\/div>\n\t\t\t\t<div class=\"elementor-element elementor-element-21d0cb9 elementor-widget elementor-widget-text-editor\" data-id=\"21d0cb9\" data-element_type=\"widget\" data-e-type=\"widget\" data-widget_type=\"text-editor.default\">\n\t\t\t\t<div class=\"elementor-widget-container\">\n\t\t\t\t\t\t\t\t\t<div data-id=\"af60be1\" data-element_type=\"widget\" data-widget_type=\"heading.default\"><div><div data-id=\"896c0e9\" data-element_type=\"widget\" data-widget_type=\"text-editor.default\"><div><p>Ev\u00e4steet ovat pieni\u00e4 tekstitiedostoja, jotka tallennetaan k\u00e4ytt\u00e4j\u00e4n laitteelle h\u00e4nen vieraillessaan verkkosivustolla. Jokaisella vierailukerralla n\u00e4m\u00e4 ev\u00e4steet l\u00e4hetet\u00e4\u00e4n takaisin verkkosivustolle, joka tunnistaa ev\u00e4steen. Ev\u00e4steiden avulla voidaan mm. tunnistaa k\u00e4ytt\u00e4j\u00e4n laite, tallentaa k\u00e4ytt\u00e4j\u00e4n tekemi\u00e4 valintoja sivustolla ja s\u00e4ilytt\u00e4\u00e4 kirjautumistietoja. Ev\u00e4steill\u00e4 voidaan toteuttaa my\u00f6s k\u00e4vij\u00e4nseurantaa, jonka avulla pyrit\u00e4\u00e4n esimerkiksi parantamaan k\u00e4ytt\u00e4j\u00e4kokemusta ja kohdentamaan mainoksia.<\/p><\/div><\/div><\/div><\/div>\t\t\t\t\t\t\t\t<\/div>\n\t\t\t\t<\/div>\n\t\t\t\t<div class=\"elementor-element elementor-element-422b329 elementor-invisible elementor-widget elementor-widget-heading\" data-id=\"422b329\" data-element_type=\"widget\" data-e-type=\"widget\" data-settings=\"{&quot;_animation&quot;:&quot;fadeInDown&quot;}\" data-widget_type=\"heading.default\">\n\t\t\t\t<div class=\"elementor-widget-container\">\n\t\t\t\t\t<h2 class=\"elementor-heading-title elementor-size-default\">Verkkosivustolla k\u00e4ytett\u00e4v\u00e4t ev\u00e4steet<\/h2>\t\t\t\t<\/div>\n\t\t\t\t<\/div>\n\t\t\t\t<div class=\"elementor-element elementor-element-cebb267 elementor-widget elementor-widget-text-editor\" data-id=\"cebb267\" data-element_type=\"widget\" data-e-type=\"widget\" data-widget_type=\"text-editor.default\">\n\t\t\t\t<div class=\"elementor-widget-container\">\n\t\t\t\t\t\t\t\t\t<div data-id=\"af60be1\" data-element_type=\"widget\" data-widget_type=\"heading.default\"><div><div data-id=\"896c0e9\" data-element_type=\"widget\" data-widget_type=\"text-editor.default\"><div><p>T\u00e4ll\u00e4 verkkosivustolla on k\u00e4yt\u00f6ss\u00e4 Google Analytics -verkkoanalytiikkapalvelu, joka k\u00e4ytt\u00e4\u00e4 ev\u00e4steit\u00e4 k\u00e4vij\u00e4nseurantaan. Google Analytics -ev\u00e4steill\u00e4 voidaan ker\u00e4t\u00e4 tietoa esimerkiksi k\u00e4ytt\u00e4j\u00e4n<\/p><ul><li>laitteesta<\/li><li>sijainnista<\/li><li>vierailemista sivuista (t\u00e4ll\u00e4 sivustolla)<\/li><li>avatuista linkeist\u00e4<\/li><li>vierailuajasta<\/li><li>saapumisl\u00e4hteest\u00e4.<\/li><\/ul><p>T\u00e4m\u00e4 verkkosivusto voi sis\u00e4lt\u00e4\u00e4 upotettua sis\u00e4lt\u00f6\u00e4 muista l\u00e4hteist\u00e4. Upotetun sis\u00e4ll\u00f6n lataaminen tai avaaminen on verrattavissa siihen, ett\u00e4 k\u00e4ytt\u00e4j\u00e4 itse vierailisi kolmannen osapuolen verkkosivustolla.<\/p><\/div><\/div><\/div><\/div>\t\t\t\t\t\t\t\t<\/div>\n\t\t\t\t<\/div>\n\t\t\t\t<div class=\"elementor-element elementor-element-dbd8384 elementor-invisible elementor-widget elementor-widget-heading\" data-id=\"dbd8384\" data-element_type=\"widget\" data-e-type=\"widget\" data-settings=\"{&quot;_animation&quot;:&quot;fadeInDown&quot;}\" data-widget_type=\"heading.default\">\n\t\t\t\t<div class=\"elementor-widget-container\">\n\t\t\t\t\t<h2 class=\"elementor-heading-title elementor-size-default\">Ker\u00e4ttyjen tietojen kohdentaminen henkil\u00f6\u00f6n<\/h2>\t\t\t\t<\/div>\n\t\t\t\t<\/div>\n\t\t\t\t<div class=\"elementor-element elementor-element-56a4763 elementor-widget elementor-widget-text-editor\" data-id=\"56a4763\" data-element_type=\"widget\" data-e-type=\"widget\" data-widget_type=\"text-editor.default\">\n\t\t\t\t<div class=\"elementor-widget-container\">\n\t\t\t\t\t\t\t\t\t<div data-id=\"af60be1\" data-element_type=\"widget\" data-widget_type=\"heading.default\"><div><div data-id=\"896c0e9\" data-element_type=\"widget\" data-widget_type=\"text-editor.default\"><div><p>Mit\u00e4\u00e4n ker\u00e4ttyj\u00e4 tietoja ei voida kohdentaa henkil\u00f6ihin, koska raporteista on poistettu henkil\u00f6iden IP-osoitteet ja muut tunnistetiedot. Google Analytics -raportit antavat suuntaa antavia lukuja k\u00e4vij\u00f6iden m\u00e4\u00e4r\u00e4st\u00e4, tietoa heid\u00e4n laitteistaan sek\u00e4 k\u00e4ytt\u00e4ytymisest\u00e4 t\u00e4ll\u00e4 verkkosivustolla.<\/p><\/div><\/div><\/div><\/div>\t\t\t\t\t\t\t\t<\/div>\n\t\t\t\t<\/div>\n\t\t\t\t<\/div>\n\t\t\t\t\t<\/div>\n\t\t\t\t<\/div>\n\t\t\t\t<\/div>\n\t\t","protected":false},"excerpt":{"rendered":"<p>Rekisteri- ja tietosuojaseloste T\u00e4m\u00e4 on Hi Yll\u00e4ksen EU:n yleisen tietosuoja-asetuksen (GDPR) mukainen rekisteri- ja tietosuojaseloste. Laadittu 15.3.2024. \u00a0 Rekisterinpit\u00e4j\u00e4 Hi Yll\u00e4s Oy3412068-4Valtatie 3699100 Kittil\u00e4yllas@hiyllas.fi Tietosuojaan liittyv\u00e4t pyynn\u00f6t Tietosuojapyynn\u00f6ist\u00e4 vastaa Hi Yll\u00e4s. Rekisterin nimi Hi Yll\u00e4s verkkopalvelun k\u00e4ytt\u00e4j\u00e4rekisteri. Henkil\u00f6tietojen k\u00e4sittelyn tarkoitus Henkil\u00f6tietojen k\u00e4sittelyn tarkoitus on yhteydenpito asiakkaisiin, asiakassuhteen yll\u00e4pito ja markkinointi. Lis\u00e4ksi ker\u00e4ttyj\u00e4 tietoja voidaan k\u00e4ytt\u00e4\u00e4 [&hellip;]<\/p>\n","protected":false},"author":1,"featured_media":0,"parent":0,"menu_order":0,"comment_status":"closed","ping_status":"closed","template":"","meta":{"_acf_changed":false,"footnotes":""},"class_list":["post-5184","page","type-page","status-publish","hentry"],"acf":[],"_links":{"self":[{"href":"https:\/\/hiyllas.fi\/fi\/wp-json\/wp\/v2\/pages\/5184","targetHints":{"allow":["GET"]}}],"collection":[{"href":"https:\/\/hiyllas.fi\/fi\/wp-json\/wp\/v2\/pages"}],"about":[{"href":"https:\/\/hiyllas.fi\/fi\/wp-json\/wp\/v2\/types\/page"}],"author":[{"embeddable":true,"href":"https:\/\/hiyllas.fi\/fi\/wp-json\/wp\/v2\/users\/1"}],"replies":[{"embeddable":true,"href":"https:\/\/hiyllas.fi\/fi\/wp-json\/wp\/v2\/comments?post=5184"}],"version-history":[{"count":38,"href":"https:\/\/hiyllas.fi\/fi\/wp-json\/wp\/v2\/pages\/5184\/revisions"}],"predecessor-version":[{"id":7447,"href":"https:\/\/hiyllas.fi\/fi\/wp-json\/wp\/v2\/pages\/5184\/revisions\/7447"}],"wp:attachment":[{"href":"https:\/\/hiyllas.fi\/fi\/wp-json\/wp\/v2\/media?parent=5184"}],"curies":[{"name":"wp","href":"https:\/\/api.w.org\/{rel}","templated":true}]}}